{"id":2661,"date":"2025-07-18T11:43:32","date_gmt":"2025-07-18T11:43:32","guid":{"rendered":"https:\/\/dev.endk.bertaeins.ch\/entlastungspaket-27-microsite\/"},"modified":"2025-08-28T07:35:02","modified_gmt":"2025-08-28T07:35:02","slug":"programme-dallegement-budgetaire","status":"publish","type":"page","link":"https:\/\/dev.endk.bertaeins.ch\/fr\/programme-dallegement-budgetaire\/","title":{"rendered":"Programme d&rsquo;all\u00e8gement budg\u00e9taire 2027"},"content":{"rendered":"\n<div class=\"wp-block-group\" style=\"padding-top:6rem;padding-bottom:6rem\"><div class=\"wp-block-group__inner-container is-layout-constrained wp-block-group-is-layout-constrained\">\n<h2 class=\"wp-block-heading has-large-font-size\">Programme d&rsquo;all\u00e8gement budg\u00e9taire 2027<\/h2>\n\n\n\n<p>L&rsquo;EnDK s&rsquo;engage pour la poursuite d&rsquo;un encouragement cibl\u00e9 et efficace dans le domaine du b\u00e2timent. Elle s&rsquo;oppose fermement \u00e0 la suppression du Programme B\u00e2timents au profit du programme d&rsquo;impulsion, tel que propos\u00e9 par le Conseil f\u00e9d\u00e9ral dans le projet mis en consultation.<\/p>\n<\/div><\/div>\n\n\n\n<h3 class=\"wp-block-heading has-blau-color has-text-color has-link-color wp-elements-90e06bfcee7da18aaf498566b9741b3d\"><strong>Le Programme B\u00e2timents joue un r\u00f4le essentiel dans la r\u00e9ussite de la politique climatique et \u00e9nerg\u00e9tique de la Suisse.<\/strong><\/h3>\n\n\n\n<div style=\"height:51px\" aria-hidden=\"true\" class=\"wp-block-spacer\"><\/div>\n\n\n\n<p><strong>All\u00e8gement financier par des mesures d&rsquo;\u00e9conomie \u00e9galement dans le domaine du b\u00e2timent<\/strong><\/p>\n\n\n\n<p>Avec le programme d&rsquo;all\u00e8gement budg\u00e9taire 2027, le Conseil f\u00e9d\u00e9ral cherche \u00e0 \u00e9quilibrer les recettes et les d\u00e9penses de la Conf\u00e9d\u00e9ration au cours des prochaines ann\u00e9es. Il vise un volume d&rsquo;all\u00e8gement de pr\u00e8s de 2,5 milliards de francs en 2027 et de pr\u00e8s de 3 milliards en 2028. Pour all\u00e9ger le budget de la Conf\u00e9d\u00e9ration, le Conseil f\u00e9d\u00e9ral a \u00e9galement annonc\u00e9 des mesures dans le domaine du b\u00e2timent.<\/p>\n\n\n\n<p><strong><strong>Suppression du Programme B\u00e2timents au profit des programmes d&rsquo;encouragement de la loi sur le climat et l&rsquo;innovation<\/strong><\/strong><\/p>\n\n\n\n<p>Concr\u00e8tement, le Conseil f\u00e9d\u00e9ral souhaite mettre fin au cofinancement du Programme B\u00e2timents, qu&rsquo;il assure depuis 2010 avec la part affect\u00e9e de 33 % de la taxe sur le CO2. Il souhaite utiliser ces moyens financiers pour le Programme d&rsquo;impulsion et le programme d&rsquo;innovation conform\u00e9ment \u00e0 la loi sur le climat et l&rsquo;innovation (LCl) et \u00e9conomiser ainsi 400 millions de CHF dans le budget f\u00e9d\u00e9ral. L&rsquo;abandon du Programme B\u00e2timents est motiv\u00e9 par le fait qu&rsquo;il a rempli sa mission, qu&rsquo;il g\u00e9n\u00e8re des effets d&rsquo;aubaine importants et que les cantons prescrivent des syst\u00e8mes de chaleur renouvelables pour le remplacement des chauffages.<\/p>\n\n\n\n<p><strong>Des progr\u00e8s av\u00e9r\u00e9s gr\u00e2ce au Programme B\u00e2timents<\/strong><\/p>\n\n\n\n<p>Le Programme B\u00e2timents est un \u00e9l\u00e9ment essentiel de la politique \u00e9nerg\u00e9tique et climatique men\u00e9e avec succ\u00e8s jusqu&rsquo;\u00e0 pr\u00e9sent dans le secteur du b\u00e2timent. Les succ\u00e8s av\u00e9r\u00e9s, tels que l&rsquo;augmentation du taux d&rsquo;assainissement, la r\u00e9duction des \u00e9missions de CO2, l&rsquo;augmentation de la part des syst\u00e8mes renouvelables lors du remplacement du chauffage ainsi que la diminution des besoins en chaleur ambiante malgr\u00e9 la croissance d\u00e9mographique et l&rsquo;augmentation des surfaces d&rsquo;habitation chauff\u00e9es, n&rsquo;ont pas \u00e9t\u00e9 obtenus exclusivement, mais certainement aussi gr\u00e2ce au Programme B\u00e2timents. Si le Programme B\u00e2timents \u00e9tait abandonn\u00e9, il faudrait s&rsquo;attendre \u00e0 moyen terme \u00e0 une baisse des taux de r\u00e9novation, \u00e0 des retards dans le remplacement des syst\u00e8mes de chauffage et \u00e0 une nouvelle augmentation des syst\u00e8mes de chauffage fossiles.<\/p>\n\n\n\n<p><strong>Respect de la r\u00e9partition constitutionnelle des comp\u00e9tences entre la Conf\u00e9d\u00e9ration et les cantons<\/strong><\/p>\n\n\n\n<p>En outre, la proposition du Conseil f\u00e9d\u00e9ral est en contradiction avec la r\u00e9partition constitutionnelle des comp\u00e9tences dans le secteur du b\u00e2timent. En effet, la Constitution f\u00e9d\u00e9rale stipule que les mesures concernant la consommation d&rsquo;\u00e9nergie dans les b\u00e2timents rel\u00e8vent avant tout de la comp\u00e9tence des cantons. Avec le paquet d&rsquo;all\u00e8gement budg\u00e9taire, le Conseil f\u00e9d\u00e9ral propose de remplacer un programme d&rsquo;encouragement commun Conf\u00e9d\u00e9ration-cantons \u2013 le Programme B\u00e2timents \u2013 par un programme purement f\u00e9d\u00e9ral \u2013 le programme d&rsquo;impulsion.<\/p>\n\n\n\n<p><strong>R\u00e9orientation de l&rsquo;encouragement dans le secteur du b\u00e2timent<\/strong><\/p>\n\n\n\n<p>C&rsquo;est pourquoi l&rsquo;EnDK s&rsquo;oppose fermement \u00e0 la suppression du Programme B\u00e2timents conform\u00e9ment au projet mis en consultation. Si le Conseil f\u00e9d\u00e9ral et le Parlement f\u00e9d\u00e9ral confirment devoir faire des \u00e9conomies dans ce domaine, l&rsquo;EnDK demande alors de repenser l&rsquo;encouragement dans le secteur du b\u00e2timent : dans un tel cas, les mesures d&rsquo;encouragement existantes du Programme B\u00e2timents et du programme d&rsquo;impulsion doivent \u00eatre r\u00e9examin\u00e9es quant \u00e0 leur poursuite, class\u00e9es par ordre de priorit\u00e9 et adapt\u00e9es si n\u00e9cessaire. Les mesures retenues pour une mise en \u0153uvre doivent \u00eatre regroup\u00e9es dans un nouveau programme d&rsquo;encouragement commun. L&rsquo;encouragement doit \u00eatre ax\u00e9 en priorit\u00e9 sur les mesures qui ne sont pas rentables, ce qui permet de r\u00e9duire les effets d&rsquo;aubaine. Selon l&rsquo;EnDK, le regroupement et la consolidation du Programme B\u00e2timents et du programme d&rsquo;impulsion peuvent, d&rsquo;une part, contribuer \u00e0 all\u00e9ger le budget de la Conf\u00e9d\u00e9ration et, d&rsquo;autre part, garantir un encouragement cibl\u00e9 et efficace dans le domaine du b\u00e2timent.<\/p>\n\n\n\n<div style=\"height:60px\" aria-hidden=\"true\" class=\"wp-block-spacer\"><\/div>\n","protected":false},"excerpt":{"rendered":"<p>Programme d&rsquo;all\u00e8gement budg\u00e9taire 2027 L&rsquo;EnDK s&rsquo;engage pour la poursuite d&rsquo;un encouragement cibl\u00e9 et efficace dans le domaine du b\u00e2timent. Elle s&rsquo;oppose fermement \u00e0 la suppression du Programme B\u00e2timents au profit du programme d&rsquo;impulsion, tel que propos\u00e9 par le Conseil f\u00e9d\u00e9ral dans le projet mis en consultation. Le Programme B\u00e2timents joue un r\u00f4le essentiel dans la [&hellip;]<\/p>\n","protected":false},"author":2,"featured_media":0,"parent":0,"menu_order":0,"comment_status":"closed","ping_status":"closed","template":"","meta":{"_acf_changed":false,"footnotes":""},"class_list":["post-2661","page","type-page","status-publish","hentry"],"acf":[],"yoast_head":"<!-- This site is optimized with the Yoast SEO plugin v25.3.1 - https:\/\/yoast.com\/wordpress\/plugins\/seo\/ -->\n<title>Programme d&#039;all\u00e8gement budg\u00e9taire 2027 - ENDK<\/title>\n<meta name=\"robots\" content=\"noindex, follow, max-snippet:-1, max-image-preview:large, max-video-preview:-1\" \/>\n<meta property=\"og:locale\" content=\"fr_FR\" \/>\n<meta property=\"og:type\" content=\"article\" \/>\n<meta property=\"og:title\" content=\"Programme d&#039;all\u00e8gement budg\u00e9taire 2027 - ENDK\" \/>\n<meta property=\"og:description\" content=\"Programme d&rsquo;all\u00e8gement budg\u00e9taire 2027 L&rsquo;EnDK s&rsquo;engage pour la poursuite d&rsquo;un encouragement cibl\u00e9 et efficace dans le domaine du b\u00e2timent. Elle s&rsquo;oppose fermement \u00e0 la suppression du Programme B\u00e2timents au profit du programme d&rsquo;impulsion, tel que propos\u00e9 par le Conseil f\u00e9d\u00e9ral dans le projet mis en consultation. Le Programme B\u00e2timents joue un r\u00f4le essentiel dans la [&hellip;]\" \/>\n<meta property=\"og:url\" content=\"https:\/\/dev.endk.bertaeins.ch\/fr\/programme-dallegement-budgetaire\/\" \/>\n<meta property=\"og:site_name\" content=\"ENDK\" \/>\n<meta property=\"article:modified_time\" content=\"2025-08-28T07:35:02+00:00\" \/>\n<meta name=\"twitter:card\" content=\"summary_large_image\" \/>\n<meta name=\"twitter:label1\" content=\"Dur\u00e9e de lecture estim\u00e9e\" \/>\n\t<meta name=\"twitter:data1\" content=\"4 minutes\" \/>\n<script type=\"application\/ld+json\" class=\"yoast-schema-graph\">{\"@context\":\"https:\/\/schema.org\",\"@graph\":[{\"@type\":\"WebPage\",\"@id\":\"https:\/\/dev.endk.bertaeins.ch\/fr\/programme-dallegement-budgetaire\/\",\"url\":\"https:\/\/dev.endk.bertaeins.ch\/fr\/programme-dallegement-budgetaire\/\",\"name\":\"Programme d'all\u00e8gement budg\u00e9taire 2027 - ENDK\",\"isPartOf\":{\"@id\":\"http:\/\/dev.endk.bertaeins.ch\/fr\/#website\"},\"datePublished\":\"2025-07-18T11:43:32+00:00\",\"dateModified\":\"2025-08-28T07:35:02+00:00\",\"breadcrumb\":{\"@id\":\"https:\/\/dev.endk.bertaeins.ch\/fr\/programme-dallegement-budgetaire\/#breadcrumb\"},\"inLanguage\":\"fr-FR\",\"potentialAction\":[{\"@type\":\"ReadAction\",\"target\":[\"https:\/\/dev.endk.bertaeins.ch\/fr\/programme-dallegement-budgetaire\/\"]}]},{\"@type\":\"BreadcrumbList\",\"@id\":\"https:\/\/dev.endk.bertaeins.ch\/fr\/programme-dallegement-budgetaire\/#breadcrumb\",\"itemListElement\":[{\"@type\":\"ListItem\",\"position\":1,\"name\":\"Startseite\",\"item\":\"https:\/\/dev.endk.bertaeins.ch\/fr\/\"},{\"@type\":\"ListItem\",\"position\":2,\"name\":\"Programme d&rsquo;all\u00e8gement budg\u00e9taire 2027\"}]},{\"@type\":\"WebSite\",\"@id\":\"http:\/\/dev.endk.bertaeins.ch\/fr\/#website\",\"url\":\"http:\/\/dev.endk.bertaeins.ch\/fr\/\",\"name\":\"ENDK\",\"description\":\"\",\"publisher\":{\"@id\":\"http:\/\/dev.endk.bertaeins.ch\/fr\/#organization\"},\"potentialAction\":[{\"@type\":\"SearchAction\",\"target\":{\"@type\":\"EntryPoint\",\"urlTemplate\":\"http:\/\/dev.endk.bertaeins.ch\/fr\/?s={search_term_string}\"},\"query-input\":{\"@type\":\"PropertyValueSpecification\",\"valueRequired\":true,\"valueName\":\"search_term_string\"}}],\"inLanguage\":\"fr-FR\"},{\"@type\":\"Organization\",\"@id\":\"http:\/\/dev.endk.bertaeins.ch\/fr\/#organization\",\"name\":\"ENDK\",\"url\":\"http:\/\/dev.endk.bertaeins.ch\/fr\/\",\"logo\":{\"@type\":\"ImageObject\",\"inLanguage\":\"fr-FR\",\"@id\":\"http:\/\/dev.endk.bertaeins.ch\/fr\/#\/schema\/logo\/image\/\",\"url\":null,\"contentUrl\":null,\"width\":null,\"height\":null,\"caption\":\"ENDK\"},\"image\":{\"@id\":\"http:\/\/dev.endk.bertaeins.ch\/fr\/#\/schema\/logo\/image\/\"}}]}<\/script>\n<!-- \/ Yoast SEO plugin. -->","yoast_head_json":{"title":"Programme d'all\u00e8gement budg\u00e9taire 2027 - ENDK","robots":{"index":"noindex","follow":"follow","max-snippet":"max-snippet:-1","max-image-preview":"max-image-preview:large","max-video-preview":"max-video-preview:-1"},"og_locale":"fr_FR","og_type":"article","og_title":"Programme d'all\u00e8gement budg\u00e9taire 2027 - ENDK","og_description":"Programme d&rsquo;all\u00e8gement budg\u00e9taire 2027 L&rsquo;EnDK s&rsquo;engage pour la poursuite d&rsquo;un encouragement cibl\u00e9 et efficace dans le domaine du b\u00e2timent. Elle s&rsquo;oppose fermement \u00e0 la suppression du Programme B\u00e2timents au profit du programme d&rsquo;impulsion, tel que propos\u00e9 par le Conseil f\u00e9d\u00e9ral dans le projet mis en consultation. Le Programme B\u00e2timents joue un r\u00f4le essentiel dans la [&hellip;]","og_url":"https:\/\/dev.endk.bertaeins.ch\/fr\/programme-dallegement-budgetaire\/","og_site_name":"ENDK","article_modified_time":"2025-08-28T07:35:02+00:00","twitter_card":"summary_large_image","twitter_misc":{"Dur\u00e9e de lecture estim\u00e9e":"4 minutes"},"schema":{"@context":"https:\/\/schema.org","@graph":[{"@type":"WebPage","@id":"https:\/\/dev.endk.bertaeins.ch\/fr\/programme-dallegement-budgetaire\/","url":"https:\/\/dev.endk.bertaeins.ch\/fr\/programme-dallegement-budgetaire\/","name":"Programme d'all\u00e8gement budg\u00e9taire 2027 - ENDK","isPartOf":{"@id":"http:\/\/dev.endk.bertaeins.ch\/fr\/#website"},"datePublished":"2025-07-18T11:43:32+00:00","dateModified":"2025-08-28T07:35:02+00:00","breadcrumb":{"@id":"https:\/\/dev.endk.bertaeins.ch\/fr\/programme-dallegement-budgetaire\/#breadcrumb"},"inLanguage":"fr-FR","potentialAction":[{"@type":"ReadAction","target":["https:\/\/dev.endk.bertaeins.ch\/fr\/programme-dallegement-budgetaire\/"]}]},{"@type":"BreadcrumbList","@id":"https:\/\/dev.endk.bertaeins.ch\/fr\/programme-dallegement-budgetaire\/#breadcrumb","itemListElement":[{"@type":"ListItem","position":1,"name":"Startseite","item":"https:\/\/dev.endk.bertaeins.ch\/fr\/"},{"@type":"ListItem","position":2,"name":"Programme d&rsquo;all\u00e8gement budg\u00e9taire 2027"}]},{"@type":"WebSite","@id":"http:\/\/dev.endk.bertaeins.ch\/fr\/#website","url":"http:\/\/dev.endk.bertaeins.ch\/fr\/","name":"ENDK","description":"","publisher":{"@id":"http:\/\/dev.endk.bertaeins.ch\/fr\/#organization"},"potentialAction":[{"@type":"SearchAction","target":{"@type":"EntryPoint","urlTemplate":"http:\/\/dev.endk.bertaeins.ch\/fr\/?s={search_term_string}"},"query-input":{"@type":"PropertyValueSpecification","valueRequired":true,"valueName":"search_term_string"}}],"inLanguage":"fr-FR"},{"@type":"Organization","@id":"http:\/\/dev.endk.bertaeins.ch\/fr\/#organization","name":"ENDK","url":"http:\/\/dev.endk.bertaeins.ch\/fr\/","logo":{"@type":"ImageObject","inLanguage":"fr-FR","@id":"http:\/\/dev.endk.bertaeins.ch\/fr\/#\/schema\/logo\/image\/","url":null,"contentUrl":null,"width":null,"height":null,"caption":"ENDK"},"image":{"@id":"http:\/\/dev.endk.bertaeins.ch\/fr\/#\/schema\/logo\/image\/"}}]}},"_links":{"self":[{"href":"https:\/\/dev.endk.bertaeins.ch\/fr\/wp-json\/wp\/v2\/pages\/2661","targetHints":{"allow":["GET"]}}],"collection":[{"href":"https:\/\/dev.endk.bertaeins.ch\/fr\/wp-json\/wp\/v2\/pages"}],"about":[{"href":"https:\/\/dev.endk.bertaeins.ch\/fr\/wp-json\/wp\/v2\/types\/page"}],"author":[{"embeddable":true,"href":"https:\/\/dev.endk.bertaeins.ch\/fr\/wp-json\/wp\/v2\/users\/2"}],"replies":[{"embeddable":true,"href":"https:\/\/dev.endk.bertaeins.ch\/fr\/wp-json\/wp\/v2\/comments?post=2661"}],"version-history":[{"count":15,"href":"https:\/\/dev.endk.bertaeins.ch\/fr\/wp-json\/wp\/v2\/pages\/2661\/revisions"}],"predecessor-version":[{"id":3260,"href":"https:\/\/dev.endk.bertaeins.ch\/fr\/wp-json\/wp\/v2\/pages\/2661\/revisions\/3260"}],"wp:attachment":[{"href":"https:\/\/dev.endk.bertaeins.ch\/fr\/wp-json\/wp\/v2\/media?parent=2661"}],"curies":[{"name":"wp","href":"https:\/\/api.w.org\/{rel}","templated":true}]}}